{"id":1679,"date":"2022-10-19T13:58:21","date_gmt":"2022-10-19T11:58:21","guid":{"rendered":"https:\/\/mein-wortschatz.de\/blog\/"},"modified":"2025-01-15T13:58:11","modified_gmt":"2025-01-15T12:58:11","slug":"blog","status":"publish","type":"page","link":"https:\/\/mein-wortschatz.de\/es\/blog\/","title":{"rendered":"Blog"},"content":{"rendered":"\t\t<div data-elementor-type=\"wp-page\" data-elementor-id=\"1679\" class=\"elementor elementor-1679 elementor-391\">\n\t\t\t\t\t\t<section class=\"elementor-section elementor-top-section elementor-element elementor-element-12331db elementor-section-boxed elementor-section-height-default elementor-section-height-default\" data-id=\"12331db\" data-element_type=\"section\">\n\t\t\t\t\t\t<div class=\"elementor-container elementor-column-gap-default\">\n\t\t\t\t\t<div class=\"elementor-column elementor-col-100 elementor-top-column elementor-element elementor-element-015e774\" data-id=\"015e774\" data-element_type=\"column\">\n\t\t\t<div class=\"elementor-widget-wrap elementor-element-populated\">\n\t\t\t\t\t\t<div class=\"elementor-element elementor-element-5e99849 elementor-invisible elementor-widget elementor-widget-heading\" data-id=\"5e99849\" data-element_type=\"widget\" data-settings=\"{&quot;_animation&quot;:&quot;fadeInUpShorter&quot;,&quot;_animation_delay&quot;:200}\" data-widget_type=\"heading.default\">\n\t\t\t\t<div class=\"elementor-widget-container\">\n\t\t\t\t\t<h1 class=\"elementor-heading-title elementor-size-default\">Blog<\/h1>\t\t\t\t<\/div>\n\t\t\t\t<\/div>\n\t\t\t\t\t<\/div>\n\t\t<\/div>\n\t\t\t\t\t<\/div>\n\t\t<\/section>\n\t\t\t\t<section class=\"elementor-section elementor-top-section elementor-element elementor-element-c40c517 elementor-section-boxed elementor-section-height-default elementor-section-height-default elementor-invisible\" data-id=\"c40c517\" data-element_type=\"section\" data-settings=\"{&quot;animation&quot;:&quot;fadeInUpShorter&quot;,&quot;animation_delay&quot;:600}\">\n\t\t\t\t\t\t<div class=\"elementor-container elementor-column-gap-default\">\n\t\t\t\t\t<div class=\"elementor-column elementor-col-100 elementor-top-column elementor-element elementor-element-4ad0d4f\" data-id=\"4ad0d4f\" data-element_type=\"column\">\n\t\t\t<div class=\"elementor-widget-wrap elementor-element-populated\">\n\t\t\t\t\t\t<div class=\"elementor-element elementor-element-2c0f294 nomargin elementor-widget elementor-widget-text-editor\" data-id=\"2c0f294\" data-element_type=\"widget\" data-widget_type=\"text-editor.default\">\n\t\t\t\t<div class=\"elementor-widget-container\">\n\t\t\t\t\t\t\t\t\t\n<p><span id=\"mw\"><strong>Mein Wortschatz<\/strong><\/span> <strong>Blog: Noticias del mundo del aprendizaje del alem\u00e1n<\/strong><\/p>\n\t\t\t\t\t\t\t\t<\/div>\n\t\t\t\t<\/div>\n\t\t\t\t<div class=\"elementor-element elementor-element-d03ad79 elementor-widget elementor-widget-text-editor\" data-id=\"d03ad79\" data-element_type=\"widget\" data-widget_type=\"text-editor.default\">\n\t\t\t\t<div class=\"elementor-widget-container\">\n\t\t\t\t\t\t\t\t\t\n<p>\u00bfC\u00f3mo se aprende alem\u00e1n eficazmente? \u00bfQu\u00e9 estrategias de aprendizaje existen? \u00bfY qu\u00e9 se exige realmente en los ex\u00e1menes de alem\u00e1n? Respondemos a estas y otras muchas preguntas interesantes en nuestro blog. Para acompa\u00f1ar el diario de idiomas <span id=\"mw\"><strong>Mein Wortschatz<\/strong><\/span> \u00a1te informamos aqu\u00ed de todo lo que motiva, inspira y garantiza el progreso en tu aprendizaje de idiomas!    <\/p>\n\t\t\t\t\t\t\t\t<\/div>\n\t\t\t\t<\/div>\n\t\t\t\t\t<\/div>\n\t\t<\/div>\n\t\t\t\t\t<\/div>\n\t\t<\/section>\n\t\t<div class=\"elementor-element elementor-element-470b9267 e-flex e-con-boxed e-con e-parent\" data-id=\"470b9267\" data-element_type=\"container\">\n\t\t\t\t\t<div class=\"e-con-inner\">\n\t\t\t\t<div class=\"elementor-element elementor-element-9f98533 elementor-grid-eael-col-1 elementor-grid-tablet-eael-col-1 elementor-grid-mobile-eael-col-1 elementor-widget elementor-widget-eael-post-grid\" data-id=\"9f98533\" data-element_type=\"widget\" data-settings=\"{&quot;eael_post_grid_columns&quot;:&quot;eael-col-1&quot;,&quot;eael_post_grid_columns_tablet&quot;:&quot;eael-col-1&quot;,&quot;eael_post_grid_columns_mobile&quot;:&quot;eael-col-1&quot;}\" data-widget_type=\"eael-post-grid.default\">\n\t\t\t\t<div class=\"elementor-widget-container\">\n\t\t\t\t\t<div id=\"eael-post-grid-9f98533\" class=\"eael-post-grid-container\">\n            <div class=\"eael-post-grid eael-post-appender eael-post-appender-9f98533 eael-post-grid-style-one\" data-layout-mode=\"grid\"><article class=\"eael-grid-post eael-post-grid-column\" data-id=\"2872\">\n        <div class=\"eael-grid-post-holder\">\n            <div class=\"eael-grid-post-holder-inner\"><div class=\"eael-entry-wrapper\"><header class=\"eael-entry-header\"><h2 class=\"eael-entry-title\"><a\n                        class=\"eael-grid-post-link\"\n                        href=\"https:\/\/mein-wortschatz.de\/es\/2025\/02\/19\/integracion-con-exito-algo-mas-que-la-lengua\/\"\n                        title=\"Integraci\u00f3n con \u00e9xito: \u00a1algo m\u00e1s que la lengua!\">Integraci\u00f3n con \u00e9xito: \u00a1algo m\u00e1s que la lengua!<\/a><\/h2><\/header><div class=\"eael-entry-content\">\n                        <div class=\"eael-grid-post-excerpt\"><p>Mein Wortschatz\u00bfPor qu\u00e9 existe? La revista de idiomas Mein Wortschatz no es una casualidad: es el resultado de a\u00f1os de experiencia en la ense\u00f1anza de idiomas. No dejaba de hacerme [&hellip;]<\/p><a href=\"https:\/\/mein-wortschatz.de\/es\/2025\/02\/19\/integracion-con-exito-algo-mas-que-la-lengua\/\" class=\"eael-post-elements-readmore-btn\">Leer m\u00e1s<\/a><\/div>\n                    <\/div><\/div><\/div>\n        <\/div>\n    <\/article><article class=\"eael-grid-post eael-post-grid-column\" data-id=\"2525\">\n        <div class=\"eael-grid-post-holder\">\n            <div class=\"eael-grid-post-holder-inner\"><div class=\"eael-entry-wrapper\"><header class=\"eael-entry-header\"><h2 class=\"eael-entry-title\"><a\n                        class=\"eael-grid-post-link\"\n                        href=\"https:\/\/mein-wortschatz.de\/es\/2024\/12\/17\/aprender-aleman-con-mein-wortschatz\/\"\n                        title=\"Aprender alem\u00e1n con Mein Wortschatz\">Aprender alem\u00e1n con Mein Wortschatz<\/a><\/h2><\/header><div class=\"eael-entry-content\">\n                        <div class=\"eael-grid-post-excerpt\"><p>\u00a1As\u00ed empezar\u00e1s motivado! \u00bfAprender alem\u00e1n es tu objetivo? Maravilloso, \u00a1enhorabuena! \u00a1Te has embarcado en un maravilloso viaje ling\u00fc\u00edstico en el que tu mundo crece un poco m\u00e1s con cada palabra [&hellip;]<\/p><a href=\"https:\/\/mein-wortschatz.de\/es\/2024\/12\/17\/aprender-aleman-con-mein-wortschatz\/\" class=\"eael-post-elements-readmore-btn\">Leer m\u00e1s<\/a><\/div>\n                    <\/div><\/div><\/div>\n        <\/div>\n    <\/article><\/div>\n            <div class=\"clearfix\"><\/div>\n        <\/div>            <div class=\"eael-load-more-button-wrap eael-force-hide\">\n                <button class=\"eael-load-more-button\" id=\"eael-load-more-btn-9f98533\" data-widget-id=\"9f98533\" data-widget=\"9f98533\" data-page-id=\"1679\" data-template=\"{&quot;dir&quot;:&quot;lite&quot;,&quot;file_name&quot;:&quot;default.php&quot;,&quot;name&quot;:&quot;Post-Grid&quot;}\" data-class=\"Essential_Addons_Elementor\\Elements\\Post_Grid\" data-layout=\"grid\" data-page=\"1\" data-args=\"orderby=date&amp;order=desc&amp;ignore_sticky_posts=1&amp;post_status=publish&amp;posts_per_page=&amp;offset=0&amp;post_type=post\" data-max-page=\"2\">\n                    <span class=\"eael-btn-loader button__loader\"><\/span>\n                    <span class=\"eael_load_more_text\">M\u00e1s informaci\u00f3n<\/span>\n                <\/button>\n            <\/div>\n            \t\t\t\t<\/div>\n\t\t\t\t<\/div>\n\t\t\t\t\t<\/div>\n\t\t\t\t<\/div>\n\t\t\t\t<\/div>\n\t\t","protected":false},"excerpt":{"rendered":"<p>Blog Mein Wortschatz Blog: Noticias del mundo del aprendizaje del alem\u00e1n \u00bfC\u00f3mo se aprende alem\u00e1n eficazmente? \u00bfQu\u00e9 estrategias de aprendizaje existen? \u00bfY qu\u00e9 se exige realmente en los ex\u00e1menes de [&hellip;]<\/p>\n","protected":false},"author":1,"featured_media":0,"parent":0,"menu_order":0,"comment_status":"closed","ping_status":"closed","template":"elementor_header_footer","meta":{"inline_featured_image":false,"footnotes":""},"class_list":["post-1679","page","type-page","status-publish","hentry"],"yoast_head":"<!-- This site is optimized with the Yoast SEO plugin v25.8 - https:\/\/yoast.com\/wordpress\/plugins\/seo\/ -->\n<title>Blog &#062; Mein Wortschatz<\/title>\n<meta name=\"robots\" content=\"index, follow, max-snippet:-1, max-image-preview:large, max-video-preview:-1\" \/>\n<link rel=\"canonical\" href=\"https:\/\/mein-wortschatz.de\/es\/blog\/\" \/>\n<meta property=\"og:locale\" content=\"es_ES\" \/>\n<meta property=\"og:type\" content=\"article\" \/>\n<meta property=\"og:title\" content=\"Blog &#062; Mein Wortschatz\" \/>\n<meta property=\"og:description\" content=\"Blog Mein Wortschatz Blog: Noticias del mundo del aprendizaje del alem\u00e1n \u00bfC\u00f3mo se aprende alem\u00e1n eficazmente? \u00bfQu\u00e9 estrategias de aprendizaje existen? \u00bfY qu\u00e9 se exige realmente en los ex\u00e1menes de [&hellip;]\" \/>\n<meta property=\"og:url\" content=\"https:\/\/mein-wortschatz.de\/es\/blog\/\" \/>\n<meta property=\"og:site_name\" content=\"Mein Wortschatz\" \/>\n<meta property=\"article:modified_time\" content=\"2025-01-15T12:58:11+00:00\" \/>\n<meta name=\"twitter:card\" content=\"summary_large_image\" \/>\n<meta name=\"twitter:label1\" content=\"Tiempo de lectura\" \/>\n\t<meta name=\"twitter:data1\" content=\"1 minuto\" \/>\n<script type=\"application\/ld+json\" class=\"yoast-schema-graph\">{\"@context\":\"https:\/\/schema.org\",\"@graph\":[{\"@type\":\"WebPage\",\"@id\":\"https:\/\/mein-wortschatz.de\/es\/blog\/\",\"url\":\"https:\/\/mein-wortschatz.de\/es\/blog\/\",\"name\":\"Blog &#062; Mein Wortschatz\",\"isPartOf\":{\"@id\":\"https:\/\/mein-wortschatz.de\/es\/#website\"},\"datePublished\":\"2022-10-19T11:58:21+00:00\",\"dateModified\":\"2025-01-15T12:58:11+00:00\",\"breadcrumb\":{\"@id\":\"https:\/\/mein-wortschatz.de\/es\/blog\/#breadcrumb\"},\"inLanguage\":\"es\",\"potentialAction\":[{\"@type\":\"ReadAction\",\"target\":[\"https:\/\/mein-wortschatz.de\/es\/blog\/\"]}]},{\"@type\":\"BreadcrumbList\",\"@id\":\"https:\/\/mein-wortschatz.de\/es\/blog\/#breadcrumb\",\"itemListElement\":[{\"@type\":\"ListItem\",\"position\":1,\"name\":\"Startseite\",\"item\":\"https:\/\/mein-wortschatz.de\/es\/inicio\/\"},{\"@type\":\"ListItem\",\"position\":2,\"name\":\"Blog\"}]},{\"@type\":\"WebSite\",\"@id\":\"https:\/\/mein-wortschatz.de\/es\/#website\",\"url\":\"https:\/\/mein-wortschatz.de\/es\/\",\"name\":\"Mein Wortschatz\",\"description\":\"\",\"publisher\":{\"@id\":\"https:\/\/mein-wortschatz.de\/es\/#organization\"},\"potentialAction\":[{\"@type\":\"SearchAction\",\"target\":{\"@type\":\"EntryPoint\",\"urlTemplate\":\"https:\/\/mein-wortschatz.de\/es\/?s={search_term_string}\"},\"query-input\":{\"@type\":\"PropertyValueSpecification\",\"valueRequired\":true,\"valueName\":\"search_term_string\"}}],\"inLanguage\":\"es\"},{\"@type\":\"Organization\",\"@id\":\"https:\/\/mein-wortschatz.de\/es\/#organization\",\"name\":\"Mein Wortschatz\",\"url\":\"https:\/\/mein-wortschatz.de\/es\/\",\"logo\":{\"@type\":\"ImageObject\",\"inLanguage\":\"es\",\"@id\":\"https:\/\/mein-wortschatz.de\/es\/#\/schema\/logo\/image\/\",\"url\":\"https:\/\/mein-wortschatz.de\/wp-content\/uploads\/2024\/12\/MeinWortschatz_Logo_rund.png\",\"contentUrl\":\"https:\/\/mein-wortschatz.de\/wp-content\/uploads\/2024\/12\/MeinWortschatz_Logo_rund.png\",\"width\":400,\"height\":400,\"caption\":\"Mein Wortschatz\"},\"image\":{\"@id\":\"https:\/\/mein-wortschatz.de\/es\/#\/schema\/logo\/image\/\"}}]}<\/script>\n<!-- \/ Yoast SEO plugin. -->","yoast_head_json":{"title":"Blog &#062; Mein Wortschatz","robots":{"index":"index","follow":"follow","max-snippet":"max-snippet:-1","max-image-preview":"max-image-preview:large","max-video-preview":"max-video-preview:-1"},"canonical":"https:\/\/mein-wortschatz.de\/es\/blog\/","og_locale":"es_ES","og_type":"article","og_title":"Blog &#062; Mein Wortschatz","og_description":"Blog Mein Wortschatz Blog: Noticias del mundo del aprendizaje del alem\u00e1n \u00bfC\u00f3mo se aprende alem\u00e1n eficazmente? \u00bfQu\u00e9 estrategias de aprendizaje existen? \u00bfY qu\u00e9 se exige realmente en los ex\u00e1menes de [&hellip;]","og_url":"https:\/\/mein-wortschatz.de\/es\/blog\/","og_site_name":"Mein Wortschatz","article_modified_time":"2025-01-15T12:58:11+00:00","twitter_card":"summary_large_image","twitter_misc":{"Tiempo de lectura":"1 minuto"},"schema":{"@context":"https:\/\/schema.org","@graph":[{"@type":"WebPage","@id":"https:\/\/mein-wortschatz.de\/es\/blog\/","url":"https:\/\/mein-wortschatz.de\/es\/blog\/","name":"Blog &#062; Mein Wortschatz","isPartOf":{"@id":"https:\/\/mein-wortschatz.de\/es\/#website"},"datePublished":"2022-10-19T11:58:21+00:00","dateModified":"2025-01-15T12:58:11+00:00","breadcrumb":{"@id":"https:\/\/mein-wortschatz.de\/es\/blog\/#breadcrumb"},"inLanguage":"es","potentialAction":[{"@type":"ReadAction","target":["https:\/\/mein-wortschatz.de\/es\/blog\/"]}]},{"@type":"BreadcrumbList","@id":"https:\/\/mein-wortschatz.de\/es\/blog\/#breadcrumb","itemListElement":[{"@type":"ListItem","position":1,"name":"Startseite","item":"https:\/\/mein-wortschatz.de\/es\/inicio\/"},{"@type":"ListItem","position":2,"name":"Blog"}]},{"@type":"WebSite","@id":"https:\/\/mein-wortschatz.de\/es\/#website","url":"https:\/\/mein-wortschatz.de\/es\/","name":"Mein Wortschatz","description":"","publisher":{"@id":"https:\/\/mein-wortschatz.de\/es\/#organization"},"potentialAction":[{"@type":"SearchAction","target":{"@type":"EntryPoint","urlTemplate":"https:\/\/mein-wortschatz.de\/es\/?s={search_term_string}"},"query-input":{"@type":"PropertyValueSpecification","valueRequired":true,"valueName":"search_term_string"}}],"inLanguage":"es"},{"@type":"Organization","@id":"https:\/\/mein-wortschatz.de\/es\/#organization","name":"Mein Wortschatz","url":"https:\/\/mein-wortschatz.de\/es\/","logo":{"@type":"ImageObject","inLanguage":"es","@id":"https:\/\/mein-wortschatz.de\/es\/#\/schema\/logo\/image\/","url":"https:\/\/mein-wortschatz.de\/wp-content\/uploads\/2024\/12\/MeinWortschatz_Logo_rund.png","contentUrl":"https:\/\/mein-wortschatz.de\/wp-content\/uploads\/2024\/12\/MeinWortschatz_Logo_rund.png","width":400,"height":400,"caption":"Mein Wortschatz"},"image":{"@id":"https:\/\/mein-wortschatz.de\/es\/#\/schema\/logo\/image\/"}}]}},"_links":{"self":[{"href":"https:\/\/mein-wortschatz.de\/es\/wp-json\/wp\/v2\/pages\/1679","targetHints":{"allow":["GET"]}}],"collection":[{"href":"https:\/\/mein-wortschatz.de\/es\/wp-json\/wp\/v2\/pages"}],"about":[{"href":"https:\/\/mein-wortschatz.de\/es\/wp-json\/wp\/v2\/types\/page"}],"author":[{"embeddable":true,"href":"https:\/\/mein-wortschatz.de\/es\/wp-json\/wp\/v2\/users\/1"}],"replies":[{"embeddable":true,"href":"https:\/\/mein-wortschatz.de\/es\/wp-json\/wp\/v2\/comments?post=1679"}],"version-history":[{"count":9,"href":"https:\/\/mein-wortschatz.de\/es\/wp-json\/wp\/v2\/pages\/1679\/revisions"}],"predecessor-version":[{"id":2538,"href":"https:\/\/mein-wortschatz.de\/es\/wp-json\/wp\/v2\/pages\/1679\/revisions\/2538"}],"wp:attachment":[{"href":"https:\/\/mein-wortschatz.de\/es\/wp-json\/wp\/v2\/media?parent=1679"}],"curies":[{"name":"wp","href":"https:\/\/api.w.org\/{rel}","templated":true}]}}