{"id":1714,"date":"2024-08-08T20:17:35","date_gmt":"2024-08-08T18:17:35","guid":{"rendered":"https:\/\/mein-wortschatz.de\/politica-de-cancelacion\/"},"modified":"2024-12-03T21:41:27","modified_gmt":"2024-12-03T20:41:27","slug":"politica-de-cancelacion","status":"publish","type":"page","link":"https:\/\/mein-wortschatz.de\/es\/politica-de-cancelacion\/","title":{"rendered":"Pol\u00edtica de cancelaci\u00f3n"},"content":{"rendered":"<p><strong><br\/><\/strong><br\/>D<strong>erecho de desistimiento<\/strong>Tienes derecho a desistir del presente contrato en un plazo de catorce d\u00edas sin necesidad de justificaci\u00f3n. El plazo de desistimiento es de catorce d\u00edas a partir del d\u00eda en que t\u00fa o un tercero nombrado por ti, que no sea el transportista, tom\u00f3 posesi\u00f3n de la \u00faltima mercanc\u00eda.<strong><br\/>Mein WortschatzPara ejercer el derecho de cancelaci\u00f3n, debes informarnos ( , Hafenstrasse 50 B, CH, 8280 Kreuzlingen, E-Mail: info@mein-wortschatz.de) de tu decisi\u00f3n de cancelar este contrato mediante una declaraci\u00f3n clara (por ejemplo, una carta enviada por correo postal, fax o correo electr\u00f3nico).<br\/>Puedes utilizar el modelo de formulario de desistimiento adjunto, pero no es obligatorio. Para cumplir el plazo de desistimiento, basta con que env\u00edes la notificaci\u00f3n del ejercicio del derecho de desistimiento antes de que expire el plazo de desistimiento.<\/strong> <\/p><p><strong><br\/>Consecuencias de la cancelaci\u00f3n<\/strong>Si cancelas el presente contrato, te reembolsaremos todos los pagos que hayamos recibido de ti, incluidos los gastos de entrega (con la excepci\u00f3n de los gastos suplementarios resultantes de tu elecci\u00f3n de un tipo de entrega distinto del tipo menos costoso de entrega est\u00e1ndar que ofrezcamos), sin ninguna demora indebida y, en cualquier caso, a m\u00e1s tardar 14 d\u00edas a partir del d\u00eda en que se nos informe de tu decisi\u00f3n de cancelar el presente contrato. Para este reembolso, utilizaremos el mismo medio de pago que utilizaste para la transacci\u00f3n original, a menos que se acuerde expresamente otra cosa contigo; en ning\u00fan caso se te cobrar\u00e1n comisiones por este reembolso. <strong><br\/>Podemos negarnos a reembolsarte el importe hasta que hayamos recibido los bienes de vuelta o hasta que nos hayas proporcionado una prueba de que has devuelto los bienes, seg\u00fan qu\u00e9 condici\u00f3n se cumpla primero. Debes devolvernos o entregarnos los bienes inmediatamente y, en cualquier caso, a m\u00e1s tardar en el plazo de catorce d\u00edas a partir de la fecha en que nos notifiques la rescisi\u00f3n del presente contrato. El plazo se cumple si env\u00edas los bienes antes de que haya transcurrido el plazo de catorce d\u00edas. T\u00fa correr\u00e1s con los gastos directos de devoluci\u00f3n de los bienes. S\u00f3lo tendr\u00e1s que pagar por la p\u00e9rdida de valor de los bienes si dicha p\u00e9rdida de valor se debe a una manipulaci\u00f3n de los bienes que no sea necesaria para comprobar su estado, propiedades y funcionalidad.<\/strong>     <\/p><p><strong>Volver a:<\/strong><\/p><p><br\/><br\/><br\/>Correo 459 Olga M\u00fchlethaler H\u00fcetlinstrasse 10 78462 Constanza<\/p><p>El plazo se cumple si env\u00edas la mercanc\u00eda antes de que haya transcurrido el plazo de catorce d\u00edas. T\u00fa correr\u00e1s con los gastos directos de devoluci\u00f3n de la mercanc\u00eda. S\u00f3lo tendr\u00e1s que pagar la p\u00e9rdida de valor de los bienes si dicha p\u00e9rdida de valor se debe a una manipulaci\u00f3n de los bienes que no sea necesaria para comprobar su estado, propiedades y funcionalidad.  <\/p><p><strong><br\/>Salvo que las partes hayan acordado otra cosa, el derecho de desistimiento no se aplica a los siguientes contratos:<\/strong>Contratos de entrega de grabaciones de audio o v\u00eddeo o de programas inform\u00e1ticos en envoltorios precintados si el precinto se ha retirado despu\u00e9s de la entrega (Art\u00edculo 312g (2) frase 1 n\u00ba 6 BGB).<strong><\/strong>  <br\/>Contratos de suministro de diarios, peri\u00f3dicos o revistas, con excepci\u00f3n de los contratos de suscripci\u00f3n (Art\u00edculo 312g (2) frase 1 n\u00ba 7 BGB).<\/p>","protected":false},"excerpt":{"rendered":"<p>Derecho de desistimientoTienes derecho a desistir del presente contrato en un plazo de catorce d\u00edas sin necesidad de justificaci\u00f3n. El plazo de desistimiento es de catorce d\u00edas a partir del [&hellip;]<\/p>\n","protected":false},"author":1,"featured_media":0,"parent":0,"menu_order":0,"comment_status":"closed","ping_status":"closed","template":"","meta":{"inline_featured_image":false,"footnotes":""},"class_list":["post-1714","page","type-page","status-publish","hentry"],"yoast_head":"<!-- This site is optimized with the Yoast SEO plugin v25.8 - https:\/\/yoast.com\/wordpress\/plugins\/seo\/ -->\n<title>Pol\u00edtica de cancelaci\u00f3n &#062; Mein Wortschatz<\/title>\n<meta name=\"robots\" content=\"index, follow, max-snippet:-1, max-image-preview:large, max-video-preview:-1\" \/>\n<link rel=\"canonical\" href=\"https:\/\/mein-wortschatz.de\/es\/politica-de-cancelacion\/\" \/>\n<meta property=\"og:locale\" content=\"es_ES\" \/>\n<meta property=\"og:type\" content=\"article\" \/>\n<meta property=\"og:title\" content=\"Pol\u00edtica de cancelaci\u00f3n &#062; Mein Wortschatz\" \/>\n<meta property=\"og:description\" content=\"Derecho de desistimientoTienes derecho a desistir del presente contrato en un plazo de catorce d\u00edas sin necesidad de justificaci\u00f3n. El plazo de desistimiento es de catorce d\u00edas a partir del [&hellip;]\" \/>\n<meta property=\"og:url\" content=\"https:\/\/mein-wortschatz.de\/es\/politica-de-cancelacion\/\" \/>\n<meta property=\"og:site_name\" content=\"Mein Wortschatz\" \/>\n<meta property=\"article:modified_time\" content=\"2024-12-03T20:41:27+00:00\" \/>\n<meta name=\"twitter:card\" content=\"summary_large_image\" \/>\n<meta name=\"twitter:label1\" content=\"Tiempo de lectura\" \/>\n\t<meta name=\"twitter:data1\" content=\"3 minutos\" \/>\n<script type=\"application\/ld+json\" class=\"yoast-schema-graph\">{\"@context\":\"https:\/\/schema.org\",\"@graph\":[{\"@type\":\"WebPage\",\"@id\":\"https:\/\/mein-wortschatz.de\/es\/politica-de-cancelacion\/\",\"url\":\"https:\/\/mein-wortschatz.de\/es\/politica-de-cancelacion\/\",\"name\":\"Pol\u00edtica de cancelaci\u00f3n &#062; Mein Wortschatz\",\"isPartOf\":{\"@id\":\"https:\/\/mein-wortschatz.de\/es\/#website\"},\"datePublished\":\"2024-08-08T18:17:35+00:00\",\"dateModified\":\"2024-12-03T20:41:27+00:00\",\"breadcrumb\":{\"@id\":\"https:\/\/mein-wortschatz.de\/es\/politica-de-cancelacion\/#breadcrumb\"},\"inLanguage\":\"es\",\"potentialAction\":[{\"@type\":\"ReadAction\",\"target\":[\"https:\/\/mein-wortschatz.de\/es\/politica-de-cancelacion\/\"]}]},{\"@type\":\"BreadcrumbList\",\"@id\":\"https:\/\/mein-wortschatz.de\/es\/politica-de-cancelacion\/#breadcrumb\",\"itemListElement\":[{\"@type\":\"ListItem\",\"position\":1,\"name\":\"Startseite\",\"item\":\"https:\/\/mein-wortschatz.de\/es\/inicio\/\"},{\"@type\":\"ListItem\",\"position\":2,\"name\":\"Pol\u00edtica de cancelaci\u00f3n\"}]},{\"@type\":\"WebSite\",\"@id\":\"https:\/\/mein-wortschatz.de\/es\/#website\",\"url\":\"https:\/\/mein-wortschatz.de\/es\/\",\"name\":\"Mein Wortschatz\",\"description\":\"\",\"publisher\":{\"@id\":\"https:\/\/mein-wortschatz.de\/es\/#organization\"},\"potentialAction\":[{\"@type\":\"SearchAction\",\"target\":{\"@type\":\"EntryPoint\",\"urlTemplate\":\"https:\/\/mein-wortschatz.de\/es\/?s={search_term_string}\"},\"query-input\":{\"@type\":\"PropertyValueSpecification\",\"valueRequired\":true,\"valueName\":\"search_term_string\"}}],\"inLanguage\":\"es\"},{\"@type\":\"Organization\",\"@id\":\"https:\/\/mein-wortschatz.de\/es\/#organization\",\"name\":\"Mein Wortschatz\",\"url\":\"https:\/\/mein-wortschatz.de\/es\/\",\"logo\":{\"@type\":\"ImageObject\",\"inLanguage\":\"es\",\"@id\":\"https:\/\/mein-wortschatz.de\/es\/#\/schema\/logo\/image\/\",\"url\":\"https:\/\/mein-wortschatz.de\/wp-content\/uploads\/2024\/12\/MeinWortschatz_Logo_rund.png\",\"contentUrl\":\"https:\/\/mein-wortschatz.de\/wp-content\/uploads\/2024\/12\/MeinWortschatz_Logo_rund.png\",\"width\":400,\"height\":400,\"caption\":\"Mein Wortschatz\"},\"image\":{\"@id\":\"https:\/\/mein-wortschatz.de\/es\/#\/schema\/logo\/image\/\"}}]}<\/script>\n<!-- \/ Yoast SEO plugin. -->","yoast_head_json":{"title":"Pol\u00edtica de cancelaci\u00f3n &#062; Mein Wortschatz","robots":{"index":"index","follow":"follow","max-snippet":"max-snippet:-1","max-image-preview":"max-image-preview:large","max-video-preview":"max-video-preview:-1"},"canonical":"https:\/\/mein-wortschatz.de\/es\/politica-de-cancelacion\/","og_locale":"es_ES","og_type":"article","og_title":"Pol\u00edtica de cancelaci\u00f3n &#062; Mein Wortschatz","og_description":"Derecho de desistimientoTienes derecho a desistir del presente contrato en un plazo de catorce d\u00edas sin necesidad de justificaci\u00f3n. El plazo de desistimiento es de catorce d\u00edas a partir del [&hellip;]","og_url":"https:\/\/mein-wortschatz.de\/es\/politica-de-cancelacion\/","og_site_name":"Mein Wortschatz","article_modified_time":"2024-12-03T20:41:27+00:00","twitter_card":"summary_large_image","twitter_misc":{"Tiempo de lectura":"3 minutos"},"schema":{"@context":"https:\/\/schema.org","@graph":[{"@type":"WebPage","@id":"https:\/\/mein-wortschatz.de\/es\/politica-de-cancelacion\/","url":"https:\/\/mein-wortschatz.de\/es\/politica-de-cancelacion\/","name":"Pol\u00edtica de cancelaci\u00f3n &#062; Mein Wortschatz","isPartOf":{"@id":"https:\/\/mein-wortschatz.de\/es\/#website"},"datePublished":"2024-08-08T18:17:35+00:00","dateModified":"2024-12-03T20:41:27+00:00","breadcrumb":{"@id":"https:\/\/mein-wortschatz.de\/es\/politica-de-cancelacion\/#breadcrumb"},"inLanguage":"es","potentialAction":[{"@type":"ReadAction","target":["https:\/\/mein-wortschatz.de\/es\/politica-de-cancelacion\/"]}]},{"@type":"BreadcrumbList","@id":"https:\/\/mein-wortschatz.de\/es\/politica-de-cancelacion\/#breadcrumb","itemListElement":[{"@type":"ListItem","position":1,"name":"Startseite","item":"https:\/\/mein-wortschatz.de\/es\/inicio\/"},{"@type":"ListItem","position":2,"name":"Pol\u00edtica de cancelaci\u00f3n"}]},{"@type":"WebSite","@id":"https:\/\/mein-wortschatz.de\/es\/#website","url":"https:\/\/mein-wortschatz.de\/es\/","name":"Mein Wortschatz","description":"","publisher":{"@id":"https:\/\/mein-wortschatz.de\/es\/#organization"},"potentialAction":[{"@type":"SearchAction","target":{"@type":"EntryPoint","urlTemplate":"https:\/\/mein-wortschatz.de\/es\/?s={search_term_string}"},"query-input":{"@type":"PropertyValueSpecification","valueRequired":true,"valueName":"search_term_string"}}],"inLanguage":"es"},{"@type":"Organization","@id":"https:\/\/mein-wortschatz.de\/es\/#organization","name":"Mein Wortschatz","url":"https:\/\/mein-wortschatz.de\/es\/","logo":{"@type":"ImageObject","inLanguage":"es","@id":"https:\/\/mein-wortschatz.de\/es\/#\/schema\/logo\/image\/","url":"https:\/\/mein-wortschatz.de\/wp-content\/uploads\/2024\/12\/MeinWortschatz_Logo_rund.png","contentUrl":"https:\/\/mein-wortschatz.de\/wp-content\/uploads\/2024\/12\/MeinWortschatz_Logo_rund.png","width":400,"height":400,"caption":"Mein Wortschatz"},"image":{"@id":"https:\/\/mein-wortschatz.de\/es\/#\/schema\/logo\/image\/"}}]}},"_links":{"self":[{"href":"https:\/\/mein-wortschatz.de\/es\/wp-json\/wp\/v2\/pages\/1714","targetHints":{"allow":["GET"]}}],"collection":[{"href":"https:\/\/mein-wortschatz.de\/es\/wp-json\/wp\/v2\/pages"}],"about":[{"href":"https:\/\/mein-wortschatz.de\/es\/wp-json\/wp\/v2\/types\/page"}],"author":[{"embeddable":true,"href":"https:\/\/mein-wortschatz.de\/es\/wp-json\/wp\/v2\/users\/1"}],"replies":[{"embeddable":true,"href":"https:\/\/mein-wortschatz.de\/es\/wp-json\/wp\/v2\/comments?post=1714"}],"version-history":[{"count":1,"href":"https:\/\/mein-wortschatz.de\/es\/wp-json\/wp\/v2\/pages\/1714\/revisions"}],"predecessor-version":[{"id":1715,"href":"https:\/\/mein-wortschatz.de\/es\/wp-json\/wp\/v2\/pages\/1714\/revisions\/1715"}],"wp:attachment":[{"href":"https:\/\/mein-wortschatz.de\/es\/wp-json\/wp\/v2\/media?parent=1714"}],"curies":[{"name":"wp","href":"https:\/\/api.w.org\/{rel}","templated":true}]}}