{"id":2660,"date":"2025-01-28T20:03:14","date_gmt":"2025-01-28T19:03:14","guid":{"rendered":"https:\/\/mein-wortschatz.de\/sobre-mi\/"},"modified":"2025-02-18T17:38:44","modified_gmt":"2025-02-18T16:38:44","slug":"sobre-mi","status":"publish","type":"page","link":"https:\/\/mein-wortschatz.de\/es\/sobre-mi\/","title":{"rendered":"Sobre m\u00ed"},"content":{"rendered":"\t\t<div data-elementor-type=\"wp-page\" data-elementor-id=\"2660\" class=\"elementor elementor-2660 elementor-2648\">\n\t\t\t\t\t\t<section class=\"elementor-section elementor-top-section elementor-element elementor-element-c131da4 elementor-section-boxed elementor-section-height-default elementor-section-height-default\" data-id=\"c131da4\" data-element_type=\"section\">\n\t\t\t\t\t\t<div class=\"elementor-container elementor-column-gap-default\">\n\t\t\t\t\t<div class=\"elementor-column elementor-col-100 elementor-top-column elementor-element elementor-element-2f2bc77\" data-id=\"2f2bc77\" data-element_type=\"column\">\n\t\t\t<div class=\"elementor-widget-wrap elementor-element-populated\">\n\t\t\t\t\t\t<div class=\"elementor-element elementor-element-66d94d1 elementor-invisible elementor-widget elementor-widget-heading\" data-id=\"66d94d1\" data-element_type=\"widget\" data-settings=\"{&quot;_animation&quot;:&quot;fadeInUpShorter&quot;,&quot;_animation_delay&quot;:200}\" data-widget_type=\"heading.default\">\n\t\t\t\t<div class=\"elementor-widget-container\">\n\t\t\t\t\t<h1 class=\"elementor-heading-title elementor-size-default\">Sobre m\u00ed<\/h1>\t\t\t\t<\/div>\n\t\t\t\t<\/div>\n\t\t\t\t\t<\/div>\n\t\t<\/div>\n\t\t\t\t\t<\/div>\n\t\t<\/section>\n\t\t\t\t<section class=\"elementor-section elementor-top-section elementor-element elementor-element-720cdca elementor-section-full_width elementor-section-content-middle mainbox2 elementor-section-height-default elementor-section-height-default\" data-id=\"720cdca\" data-element_type=\"section\" data-settings=\"{&quot;background_background&quot;:&quot;classic&quot;}\">\n\t\t\t\t\t\t<div class=\"elementor-container elementor-column-gap-default\">\n\t\t\t\t\t<div class=\"elementor-column elementor-col-50 elementor-top-column elementor-element elementor-element-62cd0bd\" data-id=\"62cd0bd\" data-element_type=\"column\" data-settings=\"{&quot;background_background&quot;:&quot;classic&quot;}\">\n\t\t\t<div class=\"elementor-widget-wrap elementor-element-populated\">\n\t\t\t\t\t\t<div class=\"elementor-element elementor-element-39ad805 elementor-widget elementor-widget-image\" data-id=\"39ad805\" data-element_type=\"widget\" data-widget_type=\"image.default\">\n\t\t\t\t<div class=\"elementor-widget-container\">\n\t\t\t\t\t\t\t\t\t\t\t\t\t\t\t<img loading=\"lazy\" loading=\"-\" decoding=\"async\" width=\"1080\" height=\"1079\" src=\"https:\/\/mein-wortschatz.de\/wp-content\/uploads\/2024\/08\/Olga-Muehlethaler.png\" class=\"attachment-full size-full wp-image-1469\" alt=\"\" srcset=\"https:\/\/mein-wortschatz.de\/wp-content\/uploads\/2024\/08\/Olga-Muehlethaler.png 1080w, https:\/\/mein-wortschatz.de\/wp-content\/uploads\/2024\/08\/Olga-Muehlethaler-300x300.png 300w, https:\/\/mein-wortschatz.de\/wp-content\/uploads\/2024\/08\/Olga-Muehlethaler-1024x1024.png 1024w, https:\/\/mein-wortschatz.de\/wp-content\/uploads\/2024\/08\/Olga-Muehlethaler-150x150.png 150w, https:\/\/mein-wortschatz.de\/wp-content\/uploads\/2024\/08\/Olga-Muehlethaler-768x767.png 768w, https:\/\/mein-wortschatz.de\/wp-content\/uploads\/2024\/08\/Olga-Muehlethaler-920x919.png 920w, https:\/\/mein-wortschatz.de\/wp-content\/uploads\/2024\/08\/Olga-Muehlethaler-575x574.png 575w, https:\/\/mein-wortschatz.de\/wp-content\/uploads\/2024\/08\/Olga-Muehlethaler-380x380.png 380w, https:\/\/mein-wortschatz.de\/wp-content\/uploads\/2024\/08\/Olga-Muehlethaler-420x420.png 420w, https:\/\/mein-wortschatz.de\/wp-content\/uploads\/2024\/08\/Olga-Muehlethaler-800x799.png 800w, https:\/\/mein-wortschatz.de\/wp-content\/uploads\/2024\/08\/Olga-Muehlethaler-100x100.png 100w\" sizes=\"(max-width: 1080px) 100vw, 1080px\" loading=\"lazy\" \/>\t\t\t\t\t\t\t\t\t\t\t\t\t\t\t<\/div>\n\t\t\t\t<\/div>\n\t\t\t\t\t<\/div>\n\t\t<\/div>\n\t\t\t\t<div class=\"elementor-column elementor-col-50 elementor-top-column elementor-element elementor-element-721c3c5 olga\" data-id=\"721c3c5\" data-element_type=\"column\" data-settings=\"{&quot;background_background&quot;:&quot;classic&quot;}\">\n\t\t\t<div class=\"elementor-widget-wrap elementor-element-populated\">\n\t\t\t\t\t\t<div class=\"elementor-element elementor-element-7f1d6a6 nomargin elementor-invisible elementor-widget elementor-widget-text-editor\" data-id=\"7f1d6a6\" data-element_type=\"widget\" data-settings=\"{&quot;_animation&quot;:&quot;fadeIn&quot;,&quot;_animation_delay&quot;:400}\" data-widget_type=\"text-editor.default\">\n\t\t\t\t<div class=\"elementor-widget-container\">\n\t\t\t\t\t\t\t\t\t<p>Soy Olga M\u00fchlethaler, profesora de idiomas diplomada en Filolog\u00eda Alemana, licenciada en Ling\u00fc\u00edstica y Ciencias Empresariales, examinadora telc, formadora intercultural certificada y fundadora de conectico, la escuela de idiomas del lago de Constanza. Tras trasladarme a Alemania desde Bielorrusia en 2005, he encontrado mi nuevo hogar en el lago de Constanza. <\/p>\n<p>Los temas de la integraci\u00f3n y la adquisici\u00f3n del lenguaje me acompa\u00f1an desde hace muchos a\u00f1os y me gustar\u00eda compartir mi amplia experiencia con usted.<br \/>Por eso he fundado Mein Wortschatz.<\/p>\n\t\t\t\t\t\t\t\t<\/div>\n\t\t\t\t<\/div>\n\t\t\t\t\t<\/div>\n\t\t<\/div>\n\t\t\t\t\t<\/div>\n\t\t<\/section>\n\t\t<div class=\"elementor-element elementor-element-33bf8bb e-con-full cooltl e-flex e-con e-parent\" data-id=\"33bf8bb\" data-element_type=\"container\">\n\t\t\t\t<div class=\"elementor-element elementor-element-717bbbb elementor-widget elementor-widget-timeline-widget-addon\" data-id=\"717bbbb\" data-element_type=\"widget\" data-widget_type=\"timeline-widget-addon.default\">\n\t\t\t\t<div class=\"elementor-widget-container\">\n\t\t\t\t\t<!-- ========= Timeline Widget Addon For Elementor 1.6.6 ========= -->\n<div id=\"twae-wrapper-717bbbb\" class=\"twae-vertical twae-wrapper  twae-vertical-right\">   \n    <div class=\"twae-start\"><\/div>    \n    <div id=\"twea-timeline-717bbbb\" class=\"twae-timeline\" ><!-- Start of Story Repeater Content --><div id=\"story-888f96c\" class=\"twae-story twae-repeater-item twae-story-right twae-story-no-icon\"><!-- Story Icon --><div class=\"twae-icon\"><svg aria-hidden=\"true\" class=\"e-font-icon-svg e-fas-heart\" viewBox=\"0 0 512 512\" xmlns=\"http:\/\/www.w3.org\/2000\/svg\"><path d=\"M462.3 62.6C407.5 15.9 326 24.3 275.7 76.2L256 96.5l-19.7-20.3C186.1 24.3 104.5 15.9 49.7 62.6c-62.8 53.6-66.1 149.8-9.9 207.9l193.5 199.8c12.5 12.9 32.8 12.9 45.3 0l193.5-199.8c56.3-58.1 53-154.3-9.8-207.9z\"><\/path><\/svg><\/div><!-- Story Arrow --><div class=\"twae-arrow\"><\/div><!-- Start of Story Content --><div class=\"twae-content\"><!-- Story Title --><div class=\"twae-title\">Octubre 2024<\/div><!-- Story Description --><div class=\"twae-description\"><p>La base de mi Mein Wortschatz<\/p>\n<\/div><\/div><\/div><!-- Start of Story Repeater Content --><div id=\"story-c966c2c\" class=\"twae-story twae-repeater-item twae-story-right twae-story-no-icon\"><!-- Story Icon --><div class=\"twae-icon\"><svg aria-hidden=\"true\" class=\"e-font-icon-svg e-fas-forward\" viewBox=\"0 0 512 512\" xmlns=\"http:\/\/www.w3.org\/2000\/svg\"><path d=\"M500.5 231.4l-192-160C287.9 54.3 256 68.6 256 96v320c0 27.4 31.9 41.8 52.5 24.6l192-160c15.3-12.8 15.3-36.4 0-49.2zm-256 0l-192-160C31.9 54.3 0 68.6 0 96v320c0 27.4 31.9 41.8 52.5 24.6l192-160c15.3-12.8 15.3-36.4 0-49.2z\"><\/path><\/svg><\/div><!-- Story Arrow --><div class=\"twae-arrow\"><\/div><!-- Start of Story Content --><div class=\"twae-content\"><!-- Story Title --><div class=\"twae-title\">Enero de 2024<\/div><!-- Story Description --><div class=\"twae-description\"><p>Formaci\u00f3n continua Xpert CCS con certificado \"Profesional de la Competencia Intercultural\".<\/p>\n<\/div><\/div><\/div><!-- Start of Story Repeater Content --><div id=\"story-23bea2c\" class=\"twae-story twae-repeater-item twae-story-right twae-story-no-icon\"><!-- Story Icon --><div class=\"twae-icon\"><svg aria-hidden=\"true\" class=\"e-font-icon-svg e-fas-rocket\" viewBox=\"0 0 512 512\" xmlns=\"http:\/\/www.w3.org\/2000\/svg\"><path d=\"M505.12019,19.09375c-1.18945-5.53125-6.65819-11-12.207-12.1875C460.716,0,435.507,0,410.40747,0,307.17523,0,245.26909,55.20312,199.05238,128H94.83772c-16.34763.01562-35.55658,11.875-42.88664,26.48438L2.51562,253.29688A28.4,28.4,0,0,0,0,264a24.00867,24.00867,0,0,0,24.00582,24H127.81618l-22.47457,22.46875c-11.36521,11.36133-12.99607,32.25781,0,45.25L156.24582,406.625c11.15623,11.1875,32.15619,13.15625,45.27726,0l22.47457-22.46875V488a24.00867,24.00867,0,0,0,24.00581,24,28.55934,28.55934,0,0,0,10.707-2.51562l98.72834-49.39063c14.62888-7.29687,26.50776-26.5,26.50776-42.85937V312.79688c72.59753-46.3125,128.03493-108.40626,128.03493-211.09376C512.07526,76.5,512.07526,51.29688,505.12019,19.09375ZM384.04033,168A40,40,0,1,1,424.05,128,40.02322,40.02322,0,0,1,384.04033,168Z\"><\/path><\/svg><\/div><!-- Story Arrow --><div class=\"twae-arrow\"><\/div><!-- Start of Story Content --><div class=\"twae-content\"><!-- Story Title --><div class=\"twae-title\">Septiembre de 2023<\/div><!-- Story Description --><div class=\"twae-description\"><p>Fundaci\u00f3n de una escuela de idiomas propia en el Lago de Constanza centrada en \"el alem\u00e1n relacionado con el trabajo, la ense\u00f1anza de habilidades interculturales y la integraci\u00f3n con \u00e9xito\".<\/p>\n<\/div><\/div><\/div><!-- Start of Story Repeater Content --><div id=\"story-31f50f1\" class=\"twae-story twae-repeater-item twae-story-right twae-story-no-icon\"><!-- Story Icon --><div class=\"twae-icon\"><svg aria-hidden=\"true\" class=\"e-font-icon-svg e-fas-users\" viewBox=\"0 0 640 512\" xmlns=\"http:\/\/www.w3.org\/2000\/svg\"><path d=\"M96 224c35.3 0 64-28.7 64-64s-28.7-64-64-64-64 28.7-64 64 28.7 64 64 64zm448 0c35.3 0 64-28.7 64-64s-28.7-64-64-64-64 28.7-64 64 28.7 64 64 64zm32 32h-64c-17.6 0-33.5 7.1-45.1 18.6 40.3 22.1 68.9 62 75.1 109.4h66c17.7 0 32-14.3 32-32v-32c0-35.3-28.7-64-64-64zm-256 0c61.9 0 112-50.1 112-112S381.9 32 320 32 208 82.1 208 144s50.1 112 112 112zm76.8 32h-8.3c-20.8 10-43.9 16-68.5 16s-47.6-6-68.5-16h-8.3C179.6 288 128 339.6 128 403.2V432c0 26.5 21.5 48 48 48h288c26.5 0 48-21.5 48-48v-28.8c0-63.6-51.6-115.2-115.2-115.2zm-223.7-13.4C161.5 263.1 145.6 256 128 256H64c-35.3 0-64 28.7-64 64v32c0 17.7 14.3 32 32 32h65.9c6.3-47.4 34.9-87.3 75.2-109.4z\"><\/path><\/svg><\/div><!-- Story Arrow --><div class=\"twae-arrow\"><\/div><!-- Start of Story Content --><div class=\"twae-content\"><!-- Story Title --><div class=\"twae-title\">Septiembre de 2023<\/div><!-- Story Description --><div class=\"twae-description\"><p>Profesor de alem\u00e1n como lengua extranjera en la HTWG de Constanza<\/p>\n<\/div><\/div><\/div><!-- Start of Story Repeater Content --><div id=\"story-70a889a\" class=\"twae-story twae-repeater-item twae-story-right twae-story-no-icon\"><!-- Story Icon --><div class=\"twae-icon\"><svg aria-hidden=\"true\" class=\"e-font-icon-svg e-fas-filter\" viewBox=\"0 0 512 512\" xmlns=\"http:\/\/www.w3.org\/2000\/svg\"><path d=\"M487.976 0H24.028C2.71 0-8.047 25.866 7.058 40.971L192 225.941V432c0 7.831 3.821 15.17 10.237 19.662l80 55.98C298.02 518.69 320 507.493 320 487.98V225.941l184.947-184.97C520.021 25.896 509.338 0 487.976 0z\"><\/path><\/svg><\/div><!-- Story Arrow --><div class=\"twae-arrow\"><\/div><!-- Start of Story Content --><div class=\"twae-content\"><!-- Story Title --><div class=\"twae-title\">Desde 2018<\/div><!-- Story Description --><div class=\"twae-description\"><p>Examinador telc (A1-C2)<\/p>\n<\/div><\/div><\/div><!-- Start of Story Repeater Content --><div id=\"story-e511008\" class=\"twae-story twae-repeater-item twae-story-right twae-story-no-icon\"><!-- Story Icon --><div class=\"twae-icon\"><svg aria-hidden=\"true\" class=\"e-font-icon-svg e-fas-tasks\" viewBox=\"0 0 512 512\" xmlns=\"http:\/\/www.w3.org\/2000\/svg\"><path d=\"M139.61 35.5a12 12 0 0 0-17 0L58.93 98.81l-22.7-22.12a12 12 0 0 0-17 0L3.53 92.41a12 12 0 0 0 0 17l47.59 47.4a12.78 12.78 0 0 0 17.61 0l15.59-15.62L156.52 69a12.09 12.09 0 0 0 .09-17zm0 159.19a12 12 0 0 0-17 0l-63.68 63.72-22.7-22.1a12 12 0 0 0-17 0L3.53 252a12 12 0 0 0 0 17L51 316.5a12.77 12.77 0 0 0 17.6 0l15.7-15.69 72.2-72.22a12 12 0 0 0 .09-16.9zM64 368c-26.49 0-48.59 21.5-48.59 48S37.53 464 64 464a48 48 0 0 0 0-96zm432 16H208a16 16 0 0 0-16 16v32a16 16 0 0 0 16 16h288a16 16 0 0 0 16-16v-32a16 16 0 0 0-16-16zm0-320H208a16 16 0 0 0-16 16v32a16 16 0 0 0 16 16h288a16 16 0 0 0 16-16V80a16 16 0 0 0-16-16zm0 160H208a16 16 0 0 0-16 16v32a16 16 0 0 0 16 16h288a16 16 0 0 0 16-16v-32a16 16 0 0 0-16-16z\"><\/path><\/svg><\/div><!-- Story Arrow --><div class=\"twae-arrow\"><\/div><!-- Start of Story Content --><div class=\"twae-content\"><!-- Story Title --><div class=\"twae-title\">Desde 2018<\/div><!-- Story Description --><div class=\"twae-description\"><p>Formador intercultural (entre otros para VHS Munich, Ciudad de Constanza, Caritas Constanza)<\/p>\n<\/div><\/div><\/div><!-- Start of Story Repeater Content --><div id=\"story-1d7dd51\" class=\"twae-story twae-repeater-item twae-story-right twae-story-no-icon\"><!-- Story Icon --><div class=\"twae-icon\"><svg aria-hidden=\"true\" class=\"e-font-icon-svg e-fas-hands-helping\" viewBox=\"0 0 640 512\" xmlns=\"http:\/\/www.w3.org\/2000\/svg\"><path d=\"M488 192H336v56c0 39.7-32.3 72-72 72s-72-32.3-72-72V126.4l-64.9 39C107.8 176.9 96 197.8 96 220.2v47.3l-80 46.2C.7 322.5-4.6 342.1 4.3 357.4l80 138.6c8.8 15.3 28.4 20.5 43.7 11.7L231.4 448H368c35.3 0 64-28.7 64-64h16c17.7 0 32-14.3 32-32v-64h8c13.3 0 24-10.7 24-24v-48c0-13.3-10.7-24-24-24zm147.7-37.4L555.7 16C546.9.7 527.3-4.5 512 4.3L408.6 64H306.4c-12 0-23.7 3.4-33.9 9.7L239 94.6c-9.4 5.8-15 16.1-15 27.1V248c0 22.1 17.9 40 40 40s40-17.9 40-40v-88h184c30.9 0 56 25.1 56 56v28.5l80-46.2c15.3-8.9 20.5-28.4 11.7-43.7z\"><\/path><\/svg><\/div><!-- Story Arrow --><div class=\"twae-arrow\"><\/div><!-- Start of Story Content --><div class=\"twae-content\"><!-- Story Title --><div class=\"twae-title\">2017<\/div><!-- Story Description --><div class=\"twae-description\"><p>Perfeccionamiento como mediador cultural en la VHS Bayern (M\u00fanich)<\/p>\n<\/div><\/div><\/div><!-- Start of Story Repeater Content --><div id=\"story-3bb15e8\" class=\"twae-story twae-repeater-item twae-story-right twae-story-no-icon\"><!-- Story Icon --><div class=\"twae-icon\"><svg aria-hidden=\"true\" class=\"e-font-icon-svg e-fas-fast-forward\" viewBox=\"0 0 512 512\" xmlns=\"http:\/\/www.w3.org\/2000\/svg\"><path d=\"M512 76v360c0 6.6-5.4 12-12 12h-40c-6.6 0-12-5.4-12-12V284.1L276.5 440.6c-20.6 17.2-52.5 2.8-52.5-24.6V284.1L52.5 440.6C31.9 457.8 0 443.4 0 416V96c0-27.4 31.9-41.7 52.5-24.6L224 226.8V96c0-27.4 31.9-41.7 52.5-24.6L448 226.8V76c0-6.6 5.4-12 12-12h40c6.6 0 12 5.4 12 12z\"><\/path><\/svg><\/div><!-- Story Arrow --><div class=\"twae-arrow\"><\/div><!-- Start of Story Content --><div class=\"twae-content\"><!-- Story Title --><div class=\"twae-title\">2017- 2023<\/div><!-- Story Description --><div class=\"twae-description\"><p>Profesora aut\u00f3noma de alem\u00e1n como lengua extranjera. Especializada en: cursos de integraci\u00f3n, alem\u00e1n para no habituados, coaching individual en pronunciaci\u00f3n, gram\u00e1tica, redacci\u00f3n, preparaci\u00f3n de ex\u00e1menes (telc, Goethe, fide, DSH). <\/p>\n<\/div><\/div><\/div><!-- Start of Story Repeater Content --><div id=\"story-e79757d\" class=\"twae-story twae-repeater-item twae-story-right twae-story-no-icon\"><!-- Story Icon --><div class=\"twae-icon\"><svg aria-hidden=\"true\" class=\"e-font-icon-svg e-fas-university\" viewBox=\"0 0 512 512\" xmlns=\"http:\/\/www.w3.org\/2000\/svg\"><path d=\"M496 128v16a8 8 0 0 1-8 8h-24v12c0 6.627-5.373 12-12 12H60c-6.627 0-12-5.373-12-12v-12H24a8 8 0 0 1-8-8v-16a8 8 0 0 1 4.941-7.392l232-88a7.996 7.996 0 0 1 6.118 0l232 88A8 8 0 0 1 496 128zm-24 304H40c-13.255 0-24 10.745-24 24v16a8 8 0 0 0 8 8h464a8 8 0 0 0 8-8v-16c0-13.255-10.745-24-24-24zM96 192v192H60c-6.627 0-12 5.373-12 12v20h416v-20c0-6.627-5.373-12-12-12h-36V192h-64v192h-64V192h-64v192h-64V192H96z\"><\/path><\/svg><\/div><!-- Story Arrow --><div class=\"twae-arrow\"><\/div><!-- Start of Story Content --><div class=\"twae-content\"><!-- Story Title --><div class=\"twae-title\">Estudia<\/div><!-- Story Description --><div class=\"twae-description\"><p>2014- 2020: Programa de formaci\u00f3n a distancia a tiempo parcial en la IUBH.<\/p>\n<p>Licenciada en Administraci\u00f3n y Direcci\u00f3n de Empresas 2011: Licenciada en Ling\u00fc\u00edstica (alem\u00e1n, ruso, espa\u00f1ol, ingl\u00e9s) 2009-2010: Estudi\u00f3 en el extranjero en Vigo (Espa\u00f1a) 2005: Se traslad\u00f3 a Alemania.<br \/>Comenz\u00f3 a estudiar Ling\u00fc\u00edstica en la Universidad de Constanza 2005: Diplomada en Ling\u00fc\u00edstica (alem\u00e1n, espa\u00f1ol, ingl\u00e9s) y Ret\u00f3rica (Bielorrusia)  <\/p>\n<\/div><\/div><\/div><\/div>\n    <div class=\"twae-end\"><\/div>\n    <\/div><style type=\"text\/css\">@media (max-width: 1024px){ .twae-wrapper{--tw-ybx-size: 80px !important;}}@media (max-width: 767px){ .twae-wrapper{--tw-ybx-size: 80px !important}}<\/style>\t\t\t\t<\/div>\n\t\t\t\t<\/div>\n\t\t\t\t<\/div>\n\t\t\t\t<\/div>\n\t\t","protected":false},"excerpt":{"rendered":"<p>Sobre m\u00ed Soy Olga M\u00fchlethaler, profesora de idiomas diplomada en Filolog\u00eda Alemana, licenciada en Ling\u00fc\u00edstica y Ciencias Empresariales, examinadora telc, formadora intercultural certificada y fundadora de conectico, la escuela de [&hellip;]<\/p>\n","protected":false},"author":1,"featured_media":0,"parent":0,"menu_order":0,"comment_status":"closed","ping_status":"closed","template":"elementor_header_footer","meta":{"inline_featured_image":false,"footnotes":""},"class_list":["post-2660","page","type-page","status-publish","hentry"],"yoast_head":"<!-- This site is optimized with the Yoast SEO plugin v25.8 - https:\/\/yoast.com\/wordpress\/plugins\/seo\/ -->\n<title>Sobre m\u00ed &#062; Mein Wortschatz<\/title>\n<meta name=\"description\" content=\"Olga M\u00fchlethaler, profesora de idiomas licenciada en Filolog\u00eda Alemana, examinadora telc, formadora intercultural certificada y fundadora de la escuela de idiomas conectico en el lago de Constanza.\" \/>\n<meta name=\"robots\" content=\"index, follow, max-snippet:-1, max-image-preview:large, max-video-preview:-1\" \/>\n<link rel=\"canonical\" href=\"https:\/\/mein-wortschatz.de\/es\/sobre-mi\/\" \/>\n<meta property=\"og:locale\" content=\"es_ES\" \/>\n<meta property=\"og:type\" content=\"article\" \/>\n<meta property=\"og:title\" content=\"Sobre m\u00ed &#062; Mein Wortschatz\" \/>\n<meta property=\"og:description\" content=\"Olga M\u00fchlethaler, profesora de idiomas licenciada en Filolog\u00eda Alemana, examinadora telc, formadora intercultural certificada y fundadora de la escuela de idiomas conectico en el lago de Constanza.\" \/>\n<meta property=\"og:url\" content=\"https:\/\/mein-wortschatz.de\/es\/sobre-mi\/\" \/>\n<meta property=\"og:site_name\" content=\"Mein Wortschatz\" \/>\n<meta property=\"article:modified_time\" content=\"2025-02-18T16:38:44+00:00\" \/>\n<meta property=\"og:image\" content=\"https:\/\/mein-wortschatz.de\/wp-content\/uploads\/2024\/08\/Olga-Muehlethaler.png\" \/>\n\t<meta property=\"og:image:width\" content=\"1080\" \/>\n\t<meta property=\"og:image:height\" content=\"1079\" \/>\n\t<meta property=\"og:image:type\" content=\"image\/png\" \/>\n<meta name=\"twitter:card\" content=\"summary_large_image\" \/>\n<meta name=\"twitter:label1\" content=\"Tiempo de lectura\" \/>\n\t<meta name=\"twitter:data1\" content=\"1 minuto\" \/>\n<script type=\"application\/ld+json\" class=\"yoast-schema-graph\">{\"@context\":\"https:\/\/schema.org\",\"@graph\":[{\"@type\":\"WebPage\",\"@id\":\"https:\/\/mein-wortschatz.de\/es\/sobre-mi\/\",\"url\":\"https:\/\/mein-wortschatz.de\/es\/sobre-mi\/\",\"name\":\"Sobre m\u00ed &#062; Mein Wortschatz\",\"isPartOf\":{\"@id\":\"https:\/\/mein-wortschatz.de\/es\/#website\"},\"primaryImageOfPage\":{\"@id\":\"https:\/\/mein-wortschatz.de\/es\/sobre-mi\/#primaryimage\"},\"image\":{\"@id\":\"https:\/\/mein-wortschatz.de\/es\/sobre-mi\/#primaryimage\"},\"thumbnailUrl\":\"https:\/\/mein-wortschatz.de\/wp-content\/uploads\/2024\/08\/Olga-Muehlethaler.png\",\"datePublished\":\"2025-01-28T19:03:14+00:00\",\"dateModified\":\"2025-02-18T16:38:44+00:00\",\"description\":\"Olga M\u00fchlethaler, profesora de idiomas licenciada en Filolog\u00eda Alemana, examinadora telc, formadora intercultural certificada y fundadora de la escuela de idiomas conectico en el lago de Constanza.\",\"breadcrumb\":{\"@id\":\"https:\/\/mein-wortschatz.de\/es\/sobre-mi\/#breadcrumb\"},\"inLanguage\":\"es\",\"potentialAction\":[{\"@type\":\"ReadAction\",\"target\":[\"https:\/\/mein-wortschatz.de\/es\/sobre-mi\/\"]}]},{\"@type\":\"ImageObject\",\"inLanguage\":\"es\",\"@id\":\"https:\/\/mein-wortschatz.de\/es\/sobre-mi\/#primaryimage\",\"url\":\"https:\/\/mein-wortschatz.de\/wp-content\/uploads\/2024\/08\/Olga-Muehlethaler.png\",\"contentUrl\":\"https:\/\/mein-wortschatz.de\/wp-content\/uploads\/2024\/08\/Olga-Muehlethaler.png\"},{\"@type\":\"BreadcrumbList\",\"@id\":\"https:\/\/mein-wortschatz.de\/es\/sobre-mi\/#breadcrumb\",\"itemListElement\":[{\"@type\":\"ListItem\",\"position\":1,\"name\":\"Startseite\",\"item\":\"https:\/\/mein-wortschatz.de\/es\/inicio\/\"},{\"@type\":\"ListItem\",\"position\":2,\"name\":\"Sobre m\u00ed\"}]},{\"@type\":\"WebSite\",\"@id\":\"https:\/\/mein-wortschatz.de\/es\/#website\",\"url\":\"https:\/\/mein-wortschatz.de\/es\/\",\"name\":\"Mein Wortschatz\",\"description\":\"\",\"publisher\":{\"@id\":\"https:\/\/mein-wortschatz.de\/es\/#organization\"},\"potentialAction\":[{\"@type\":\"SearchAction\",\"target\":{\"@type\":\"EntryPoint\",\"urlTemplate\":\"https:\/\/mein-wortschatz.de\/es\/?s={search_term_string}\"},\"query-input\":{\"@type\":\"PropertyValueSpecification\",\"valueRequired\":true,\"valueName\":\"search_term_string\"}}],\"inLanguage\":\"es\"},{\"@type\":\"Organization\",\"@id\":\"https:\/\/mein-wortschatz.de\/es\/#organization\",\"name\":\"Mein Wortschatz\",\"url\":\"https:\/\/mein-wortschatz.de\/es\/\",\"logo\":{\"@type\":\"ImageObject\",\"inLanguage\":\"es\",\"@id\":\"https:\/\/mein-wortschatz.de\/es\/#\/schema\/logo\/image\/\",\"url\":\"https:\/\/mein-wortschatz.de\/wp-content\/uploads\/2024\/12\/MeinWortschatz_Logo_rund.png\",\"contentUrl\":\"https:\/\/mein-wortschatz.de\/wp-content\/uploads\/2024\/12\/MeinWortschatz_Logo_rund.png\",\"width\":400,\"height\":400,\"caption\":\"Mein Wortschatz\"},\"image\":{\"@id\":\"https:\/\/mein-wortschatz.de\/es\/#\/schema\/logo\/image\/\"}}]}<\/script>\n<!-- \/ Yoast SEO plugin. -->","yoast_head_json":{"title":"Sobre m\u00ed &#062; Mein Wortschatz","description":"Olga M\u00fchlethaler, profesora de idiomas licenciada en Filolog\u00eda Alemana, examinadora telc, formadora intercultural certificada y fundadora de la escuela de idiomas conectico en el lago de Constanza.","robots":{"index":"index","follow":"follow","max-snippet":"max-snippet:-1","max-image-preview":"max-image-preview:large","max-video-preview":"max-video-preview:-1"},"canonical":"https:\/\/mein-wortschatz.de\/es\/sobre-mi\/","og_locale":"es_ES","og_type":"article","og_title":"Sobre m\u00ed &#062; Mein Wortschatz","og_description":"Olga M\u00fchlethaler, profesora de idiomas licenciada en Filolog\u00eda Alemana, examinadora telc, formadora intercultural certificada y fundadora de la escuela de idiomas conectico en el lago de Constanza.","og_url":"https:\/\/mein-wortschatz.de\/es\/sobre-mi\/","og_site_name":"Mein Wortschatz","article_modified_time":"2025-02-18T16:38:44+00:00","og_image":[{"width":1080,"height":1079,"url":"https:\/\/mein-wortschatz.de\/wp-content\/uploads\/2024\/08\/Olga-Muehlethaler.png","type":"image\/png"}],"twitter_card":"summary_large_image","twitter_misc":{"Tiempo de lectura":"1 minuto"},"schema":{"@context":"https:\/\/schema.org","@graph":[{"@type":"WebPage","@id":"https:\/\/mein-wortschatz.de\/es\/sobre-mi\/","url":"https:\/\/mein-wortschatz.de\/es\/sobre-mi\/","name":"Sobre m\u00ed &#062; Mein Wortschatz","isPartOf":{"@id":"https:\/\/mein-wortschatz.de\/es\/#website"},"primaryImageOfPage":{"@id":"https:\/\/mein-wortschatz.de\/es\/sobre-mi\/#primaryimage"},"image":{"@id":"https:\/\/mein-wortschatz.de\/es\/sobre-mi\/#primaryimage"},"thumbnailUrl":"https:\/\/mein-wortschatz.de\/wp-content\/uploads\/2024\/08\/Olga-Muehlethaler.png","datePublished":"2025-01-28T19:03:14+00:00","dateModified":"2025-02-18T16:38:44+00:00","description":"Olga M\u00fchlethaler, profesora de idiomas licenciada en Filolog\u00eda Alemana, examinadora telc, formadora intercultural certificada y fundadora de la escuela de idiomas conectico en el lago de Constanza.","breadcrumb":{"@id":"https:\/\/mein-wortschatz.de\/es\/sobre-mi\/#breadcrumb"},"inLanguage":"es","potentialAction":[{"@type":"ReadAction","target":["https:\/\/mein-wortschatz.de\/es\/sobre-mi\/"]}]},{"@type":"ImageObject","inLanguage":"es","@id":"https:\/\/mein-wortschatz.de\/es\/sobre-mi\/#primaryimage","url":"https:\/\/mein-wortschatz.de\/wp-content\/uploads\/2024\/08\/Olga-Muehlethaler.png","contentUrl":"https:\/\/mein-wortschatz.de\/wp-content\/uploads\/2024\/08\/Olga-Muehlethaler.png"},{"@type":"BreadcrumbList","@id":"https:\/\/mein-wortschatz.de\/es\/sobre-mi\/#breadcrumb","itemListElement":[{"@type":"ListItem","position":1,"name":"Startseite","item":"https:\/\/mein-wortschatz.de\/es\/inicio\/"},{"@type":"ListItem","position":2,"name":"Sobre m\u00ed"}]},{"@type":"WebSite","@id":"https:\/\/mein-wortschatz.de\/es\/#website","url":"https:\/\/mein-wortschatz.de\/es\/","name":"Mein Wortschatz","description":"","publisher":{"@id":"https:\/\/mein-wortschatz.de\/es\/#organization"},"potentialAction":[{"@type":"SearchAction","target":{"@type":"EntryPoint","urlTemplate":"https:\/\/mein-wortschatz.de\/es\/?s={search_term_string}"},"query-input":{"@type":"PropertyValueSpecification","valueRequired":true,"valueName":"search_term_string"}}],"inLanguage":"es"},{"@type":"Organization","@id":"https:\/\/mein-wortschatz.de\/es\/#organization","name":"Mein Wortschatz","url":"https:\/\/mein-wortschatz.de\/es\/","logo":{"@type":"ImageObject","inLanguage":"es","@id":"https:\/\/mein-wortschatz.de\/es\/#\/schema\/logo\/image\/","url":"https:\/\/mein-wortschatz.de\/wp-content\/uploads\/2024\/12\/MeinWortschatz_Logo_rund.png","contentUrl":"https:\/\/mein-wortschatz.de\/wp-content\/uploads\/2024\/12\/MeinWortschatz_Logo_rund.png","width":400,"height":400,"caption":"Mein Wortschatz"},"image":{"@id":"https:\/\/mein-wortschatz.de\/es\/#\/schema\/logo\/image\/"}}]}},"_links":{"self":[{"href":"https:\/\/mein-wortschatz.de\/es\/wp-json\/wp\/v2\/pages\/2660","targetHints":{"allow":["GET"]}}],"collection":[{"href":"https:\/\/mein-wortschatz.de\/es\/wp-json\/wp\/v2\/pages"}],"about":[{"href":"https:\/\/mein-wortschatz.de\/es\/wp-json\/wp\/v2\/types\/page"}],"author":[{"embeddable":true,"href":"https:\/\/mein-wortschatz.de\/es\/wp-json\/wp\/v2\/users\/1"}],"replies":[{"embeddable":true,"href":"https:\/\/mein-wortschatz.de\/es\/wp-json\/wp\/v2\/comments?post=2660"}],"version-history":[{"count":6,"href":"https:\/\/mein-wortschatz.de\/es\/wp-json\/wp\/v2\/pages\/2660\/revisions"}],"predecessor-version":[{"id":2863,"href":"https:\/\/mein-wortschatz.de\/es\/wp-json\/wp\/v2\/pages\/2660\/revisions\/2863"}],"wp:attachment":[{"href":"https:\/\/mein-wortschatz.de\/es\/wp-json\/wp\/v2\/media?parent=2660"}],"curies":[{"name":"wp","href":"https:\/\/api.w.org\/{rel}","templated":true}]}}